                                        {"id":26,"date":"2026-04-28T15:28:07","date_gmt":"2026-04-28T13:28:07","guid":{"rendered":"https:\/\/symuf.org\/?page_id=26"},"modified":"2026-04-28T15:28:07","modified_gmt":"2026-04-28T13:28:07","slug":"acceuil","status":"publish","type":"page","link":"https:\/\/symuf.org\/index.php\/acceuil\/","title":{"rendered":"Acceuil"},"content":{"rendered":"\n<figure class=\"wp-block-image size-large\"><img loading=\"lazy\" decoding=\"async\" width=\"1024\" height=\"683\" src=\"https:\/\/symuf.org\/wp-content\/uploads\/2026\/04\/enligne-jour4-24-1024x683.jpg\" alt=\"\" class=\"wp-image-27\" srcset=\"https:\/\/symuf.org\/wp-content\/uploads\/2026\/04\/enligne-jour4-24-1024x683.jpg 1024w, https:\/\/symuf.org\/wp-content\/uploads\/2026\/04\/enligne-jour4-24-300x200.jpg 300w, https:\/\/symuf.org\/wp-content\/uploads\/2026\/04\/enligne-jour4-24-768x512.jpg 768w, https:\/\/symuf.org\/wp-content\/uploads\/2026\/04\/enligne-jour4-24-1536x1024.jpg 1536w, https:\/\/symuf.org\/wp-content\/uploads\/2026\/04\/enligne-jour4-24-2048x1365.jpg 2048w\" sizes=\"auto, (max-width: 1024px) 100vw, 1024px\" \/><\/figure>\n\n\n\n<h2 class=\"wp-block-heading\">Une Mission&#8230;<\/h2>\n\n\n\n<p>Accompagner les m\u00e9dias, journalistes et partenaires de la soci\u00e9t\u00e9 civile \u00e0 contribuer \u00e0 la restauration d\u2019une paix durable et \u00e0 la promotion des droits humains.<\/p>\n\n\n\n<figure class=\"wp-block-gallery has-nested-images columns-default is-cropped has-background wp-block-gallery-1 is-layout-flex wp-block-gallery-is-layout-flex\" style=\"background-color:#383a3d\">\n<figure class=\"wp-block-image size-large\"><img loading=\"lazy\" decoding=\"async\" width=\"1024\" height=\"768\" data-id=\"28\" src=\"https:\/\/symuf.org\/wp-content\/uploads\/2026\/04\/2024_12_02_11_51_IMG_9616-1024x768.jpg\" alt=\"\" class=\"wp-image-28\" srcset=\"https:\/\/symuf.org\/wp-content\/uploads\/2026\/04\/2024_12_02_11_51_IMG_9616-1024x768.jpg 1024w, https:\/\/symuf.org\/wp-content\/uploads\/2026\/04\/2024_12_02_11_51_IMG_9616-300x225.jpg 300w, https:\/\/symuf.org\/wp-content\/uploads\/2026\/04\/2024_12_02_11_51_IMG_9616-768x576.jpg 768w, https:\/\/symuf.org\/wp-content\/uploads\/2026\/04\/2024_12_02_11_51_IMG_9616-1536x1152.jpg 1536w, https:\/\/symuf.org\/wp-content\/uploads\/2026\/04\/2024_12_02_11_51_IMG_9616-2048x1536.jpg 2048w\" sizes=\"auto, (max-width: 1024px) 100vw, 1024px\" \/><\/figure>\n\n\n\n<figure class=\"wp-block-image size-large\"><img loading=\"lazy\" decoding=\"async\" width=\"1024\" height=\"768\" data-id=\"29\" src=\"https:\/\/symuf.org\/wp-content\/uploads\/2026\/04\/2024_12_03_15_48_IMG_9640-1024x768.jpg\" alt=\"\" class=\"wp-image-29\" srcset=\"https:\/\/symuf.org\/wp-content\/uploads\/2026\/04\/2024_12_03_15_48_IMG_9640-1024x768.jpg 1024w, https:\/\/symuf.org\/wp-content\/uploads\/2026\/04\/2024_12_03_15_48_IMG_9640-300x225.jpg 300w, https:\/\/symuf.org\/wp-content\/uploads\/2026\/04\/2024_12_03_15_48_IMG_9640-768x576.jpg 768w, https:\/\/symuf.org\/wp-content\/uploads\/2026\/04\/2024_12_03_15_48_IMG_9640-1536x1152.jpg 1536w, https:\/\/symuf.org\/wp-content\/uploads\/2026\/04\/2024_12_03_15_48_IMG_9640-2048x1536.jpg 2048w\" sizes=\"auto, (max-width: 1024px) 100vw, 1024px\" \/><\/figure>\n\n\n\n<figure class=\"wp-block-image size-large\"><img loading=\"lazy\" decoding=\"async\" width=\"1024\" height=\"683\" data-id=\"30\" src=\"https:\/\/symuf.org\/wp-content\/uploads\/2026\/04\/enligne-jour1-5-1024x683.jpg\" alt=\"\" class=\"wp-image-30\" srcset=\"https:\/\/symuf.org\/wp-content\/uploads\/2026\/04\/enligne-jour1-5-1024x683.jpg 1024w, https:\/\/symuf.org\/wp-content\/uploads\/2026\/04\/enligne-jour1-5-300x200.jpg 300w, https:\/\/symuf.org\/wp-content\/uploads\/2026\/04\/enligne-jour1-5-768x512.jpg 768w, https:\/\/symuf.org\/wp-content\/uploads\/2026\/04\/enligne-jour1-5-1536x1024.jpg 1536w, https:\/\/symuf.org\/wp-content\/uploads\/2026\/04\/enligne-jour1-5-2048x1365.jpg 2048w\" sizes=\"auto, (max-width: 1024px) 100vw, 1024px\" \/><\/figure>\n\n\n\n<figure class=\"wp-block-image size-large\"><img loading=\"lazy\" decoding=\"async\" width=\"1024\" height=\"683\" data-id=\"32\" src=\"https:\/\/symuf.org\/wp-content\/uploads\/2026\/04\/enligne-jour1-17-1024x683.jpg\" alt=\"\" class=\"wp-image-32\" srcset=\"https:\/\/symuf.org\/wp-content\/uploads\/2026\/04\/enligne-jour1-17-1024x683.jpg 1024w, https:\/\/symuf.org\/wp-content\/uploads\/2026\/04\/enligne-jour1-17-300x200.jpg 300w, https:\/\/symuf.org\/wp-content\/uploads\/2026\/04\/enligne-jour1-17-768x512.jpg 768w, https:\/\/symuf.org\/wp-content\/uploads\/2026\/04\/enligne-jour1-17-1536x1024.jpg 1536w, https:\/\/symuf.org\/wp-content\/uploads\/2026\/04\/enligne-jour1-17-2048x1365.jpg 2048w\" sizes=\"auto, (max-width: 1024px) 100vw, 1024px\" \/><\/figure>\n\n\n\n<figure class=\"wp-block-image size-large\"><img loading=\"lazy\" decoding=\"async\" width=\"1024\" height=\"683\" data-id=\"31\" src=\"https:\/\/symuf.org\/wp-content\/uploads\/2026\/04\/enligne-jour1-11-1024x683.jpg\" alt=\"\" class=\"wp-image-31\" srcset=\"https:\/\/symuf.org\/wp-content\/uploads\/2026\/04\/enligne-jour1-11-1024x683.jpg 1024w, https:\/\/symuf.org\/wp-content\/uploads\/2026\/04\/enligne-jour1-11-300x200.jpg 300w, https:\/\/symuf.org\/wp-content\/uploads\/2026\/04\/enligne-jour1-11-768x512.jpg 768w, https:\/\/symuf.org\/wp-content\/uploads\/2026\/04\/enligne-jour1-11-1536x1024.jpg 1536w, https:\/\/symuf.org\/wp-content\/uploads\/2026\/04\/enligne-jour1-11-2048x1365.jpg 2048w\" sizes=\"auto, (max-width: 1024px) 100vw, 1024px\" \/><\/figure>\n\n\n\n<figure class=\"wp-block-image size-large\"><img loading=\"lazy\" decoding=\"async\" width=\"1024\" height=\"683\" data-id=\"33\" src=\"https:\/\/symuf.org\/wp-content\/uploads\/2026\/04\/enligne-jour1-13-1024x683.jpg\" alt=\"\" class=\"wp-image-33\" srcset=\"https:\/\/symuf.org\/wp-content\/uploads\/2026\/04\/enligne-jour1-13-1024x683.jpg 1024w, https:\/\/symuf.org\/wp-content\/uploads\/2026\/04\/enligne-jour1-13-300x200.jpg 300w, https:\/\/symuf.org\/wp-content\/uploads\/2026\/04\/enligne-jour1-13-768x512.jpg 768w, https:\/\/symuf.org\/wp-content\/uploads\/2026\/04\/enligne-jour1-13-1536x1024.jpg 1536w, https:\/\/symuf.org\/wp-content\/uploads\/2026\/04\/enligne-jour1-13-2048x1365.jpg 2048w\" sizes=\"auto, (max-width: 1024px) 100vw, 1024px\" \/><\/figure>\n\n\n\n<figure class=\"wp-block-image size-large\"><img loading=\"lazy\" decoding=\"async\" width=\"1024\" height=\"683\" data-id=\"34\" src=\"https:\/\/symuf.org\/wp-content\/uploads\/2026\/04\/enligne-jour1-19-1024x683.jpg\" alt=\"\" class=\"wp-image-34\" srcset=\"https:\/\/symuf.org\/wp-content\/uploads\/2026\/04\/enligne-jour1-19-1024x683.jpg 1024w, https:\/\/symuf.org\/wp-content\/uploads\/2026\/04\/enligne-jour1-19-300x200.jpg 300w, https:\/\/symuf.org\/wp-content\/uploads\/2026\/04\/enligne-jour1-19-768x512.jpg 768w, https:\/\/symuf.org\/wp-content\/uploads\/2026\/04\/enligne-jour1-19-1536x1024.jpg 1536w, https:\/\/symuf.org\/wp-content\/uploads\/2026\/04\/enligne-jour1-19-2048x1365.jpg 2048w\" sizes=\"auto, (max-width: 1024px) 100vw, 1024px\" \/><\/figure>\n\n\n\n<figure class=\"wp-block-image size-large\"><img loading=\"lazy\" decoding=\"async\" width=\"1024\" height=\"683\" data-id=\"35\" src=\"https:\/\/symuf.org\/wp-content\/uploads\/2026\/04\/enligne-jour1-23-1024x683.jpg\" alt=\"\" class=\"wp-image-35\" srcset=\"https:\/\/symuf.org\/wp-content\/uploads\/2026\/04\/enligne-jour1-23-1024x683.jpg 1024w, https:\/\/symuf.org\/wp-content\/uploads\/2026\/04\/enligne-jour1-23-300x200.jpg 300w, https:\/\/symuf.org\/wp-content\/uploads\/2026\/04\/enligne-jour1-23-768x512.jpg 768w, https:\/\/symuf.org\/wp-content\/uploads\/2026\/04\/enligne-jour1-23-1536x1024.jpg 1536w, https:\/\/symuf.org\/wp-content\/uploads\/2026\/04\/enligne-jour1-23-2048x1365.jpg 2048w\" sizes=\"auto, (max-width: 1024px) 100vw, 1024px\" \/><\/figure>\n\n\n\n<figure class=\"wp-block-image size-large\"><img loading=\"lazy\" decoding=\"async\" width=\"1024\" height=\"683\" data-id=\"36\" src=\"https:\/\/symuf.org\/wp-content\/uploads\/2026\/04\/enligne-jour4-4-1024x683.jpg\" alt=\"\" class=\"wp-image-36\" srcset=\"https:\/\/symuf.org\/wp-content\/uploads\/2026\/04\/enligne-jour4-4-1024x683.jpg 1024w, https:\/\/symuf.org\/wp-content\/uploads\/2026\/04\/enligne-jour4-4-300x200.jpg 300w, https:\/\/symuf.org\/wp-content\/uploads\/2026\/04\/enligne-jour4-4-768x512.jpg 768w, https:\/\/symuf.org\/wp-content\/uploads\/2026\/04\/enligne-jour4-4-1536x1024.jpg 1536w, https:\/\/symuf.org\/wp-content\/uploads\/2026\/04\/enligne-jour4-4-2048x1365.jpg 2048w\" sizes=\"auto, (max-width: 1024px) 100vw, 1024px\" \/><\/figure>\n\n\n\n<figure class=\"wp-block-image size-large\"><img loading=\"lazy\" decoding=\"async\" width=\"1024\" height=\"683\" data-id=\"37\" src=\"https:\/\/symuf.org\/wp-content\/uploads\/2026\/04\/enligne-jour4-9-1024x683.jpg\" alt=\"\" class=\"wp-image-37\" srcset=\"https:\/\/symuf.org\/wp-content\/uploads\/2026\/04\/enligne-jour4-9-1024x683.jpg 1024w, https:\/\/symuf.org\/wp-content\/uploads\/2026\/04\/enligne-jour4-9-300x200.jpg 300w, https:\/\/symuf.org\/wp-content\/uploads\/2026\/04\/enligne-jour4-9-768x512.jpg 768w, https:\/\/symuf.org\/wp-content\/uploads\/2026\/04\/enligne-jour4-9-1536x1024.jpg 1536w, https:\/\/symuf.org\/wp-content\/uploads\/2026\/04\/enligne-jour4-9-2048x1365.jpg 2048w\" sizes=\"auto, (max-width: 1024px) 100vw, 1024px\" \/><\/figure>\n\n\n\n<figure class=\"wp-block-image size-large\"><img loading=\"lazy\" decoding=\"async\" width=\"1024\" height=\"683\" data-id=\"39\" src=\"https:\/\/symuf.org\/wp-content\/uploads\/2026\/04\/enligne-jour5-3-1024x683.jpg\" alt=\"\" class=\"wp-image-39\" srcset=\"https:\/\/symuf.org\/wp-content\/uploads\/2026\/04\/enligne-jour5-3-1024x683.jpg 1024w, https:\/\/symuf.org\/wp-content\/uploads\/2026\/04\/enligne-jour5-3-300x200.jpg 300w, https:\/\/symuf.org\/wp-content\/uploads\/2026\/04\/enligne-jour5-3-768x512.jpg 768w, https:\/\/symuf.org\/wp-content\/uploads\/2026\/04\/enligne-jour5-3-1536x1024.jpg 1536w, https:\/\/symuf.org\/wp-content\/uploads\/2026\/04\/enligne-jour5-3-2048x1365.jpg 2048w\" sizes=\"auto, (max-width: 1024px) 100vw, 1024px\" \/><\/figure>\n\n\n\n<figure class=\"wp-block-image size-large\"><img loading=\"lazy\" decoding=\"async\" width=\"1024\" height=\"683\" data-id=\"38\" src=\"https:\/\/symuf.org\/wp-content\/uploads\/2026\/04\/enligne-jour4-19-1024x683.jpg\" alt=\"\" class=\"wp-image-38\" srcset=\"https:\/\/symuf.org\/wp-content\/uploads\/2026\/04\/enligne-jour4-19-1024x683.jpg 1024w, https:\/\/symuf.org\/wp-content\/uploads\/2026\/04\/enligne-jour4-19-300x200.jpg 300w, https:\/\/symuf.org\/wp-content\/uploads\/2026\/04\/enligne-jour4-19-768x512.jpg 768w, https:\/\/symuf.org\/wp-content\/uploads\/2026\/04\/enligne-jour4-19-1536x1024.jpg 1536w, https:\/\/symuf.org\/wp-content\/uploads\/2026\/04\/enligne-jour4-19-2048x1365.jpg 2048w\" sizes=\"auto, (max-width: 1024px) 100vw, 1024px\" \/><\/figure>\n\n\n\n<figure class=\"wp-block-image size-large\"><img loading=\"lazy\" decoding=\"async\" width=\"683\" height=\"1024\" data-id=\"42\" src=\"https:\/\/symuf.org\/wp-content\/uploads\/2026\/04\/enligne-jour5-9-683x1024.jpg\" alt=\"\" class=\"wp-image-42\" srcset=\"https:\/\/symuf.org\/wp-content\/uploads\/2026\/04\/enligne-jour5-9-683x1024.jpg 683w, https:\/\/symuf.org\/wp-content\/uploads\/2026\/04\/enligne-jour5-9-200x300.jpg 200w, https:\/\/symuf.org\/wp-content\/uploads\/2026\/04\/enligne-jour5-9-768x1152.jpg 768w, https:\/\/symuf.org\/wp-content\/uploads\/2026\/04\/enligne-jour5-9-1024x1536.jpg 1024w, https:\/\/symuf.org\/wp-content\/uploads\/2026\/04\/enligne-jour5-9-1365x2048.jpg 1365w, https:\/\/symuf.org\/wp-content\/uploads\/2026\/04\/enligne-jour5-9-scaled.jpg 1707w\" sizes=\"auto, (max-width: 683px) 100vw, 683px\" \/><\/figure>\n\n\n\n<figure class=\"wp-block-image size-large\"><img loading=\"lazy\" decoding=\"async\" width=\"1024\" height=\"683\" data-id=\"40\" src=\"https:\/\/symuf.org\/wp-content\/uploads\/2026\/04\/enligne-jour8-6-1024x683.jpg\" alt=\"\" class=\"wp-image-40\" srcset=\"https:\/\/symuf.org\/wp-content\/uploads\/2026\/04\/enligne-jour8-6-1024x683.jpg 1024w, https:\/\/symuf.org\/wp-content\/uploads\/2026\/04\/enligne-jour8-6-300x200.jpg 300w, https:\/\/symuf.org\/wp-content\/uploads\/2026\/04\/enligne-jour8-6-768x512.jpg 768w, https:\/\/symuf.org\/wp-content\/uploads\/2026\/04\/enligne-jour8-6-1536x1024.jpg 1536w, https:\/\/symuf.org\/wp-content\/uploads\/2026\/04\/enligne-jour8-6-2048x1365.jpg 2048w\" sizes=\"auto, (max-width: 1024px) 100vw, 1024px\" \/><\/figure>\n\n\n\n<figure class=\"wp-block-image size-large\"><img loading=\"lazy\" decoding=\"async\" width=\"1024\" height=\"603\" data-id=\"41\" src=\"https:\/\/symuf.org\/wp-content\/uploads\/2026\/04\/z-TITRE-media-1024x603.jpg\" alt=\"\" class=\"wp-image-41\" srcset=\"https:\/\/symuf.org\/wp-content\/uploads\/2026\/04\/z-TITRE-media-1024x603.jpg 1024w, https:\/\/symuf.org\/wp-content\/uploads\/2026\/04\/z-TITRE-media-300x177.jpg 300w, https:\/\/symuf.org\/wp-content\/uploads\/2026\/04\/z-TITRE-media-768x453.jpg 768w, https:\/\/symuf.org\/wp-content\/uploads\/2026\/04\/z-TITRE-media-1536x905.jpg 1536w, https:\/\/symuf.org\/wp-content\/uploads\/2026\/04\/z-TITRE-media-2048x1207.jpg 2048w\" sizes=\"auto, (max-width: 1024px) 100vw, 1024px\" \/><\/figure>\n\n\n\n<figure class=\"wp-block-image size-large\"><img loading=\"lazy\" decoding=\"async\" width=\"1024\" height=\"768\" data-id=\"43\" src=\"https:\/\/symuf.org\/wp-content\/uploads\/2026\/04\/2024_12_02_11_52_IMG_9620-1024x768.jpg\" alt=\"\" class=\"wp-image-43\" srcset=\"https:\/\/symuf.org\/wp-content\/uploads\/2026\/04\/2024_12_02_11_52_IMG_9620-1024x768.jpg 1024w, https:\/\/symuf.org\/wp-content\/uploads\/2026\/04\/2024_12_02_11_52_IMG_9620-300x225.jpg 300w, https:\/\/symuf.org\/wp-content\/uploads\/2026\/04\/2024_12_02_11_52_IMG_9620-768x576.jpg 768w, https:\/\/symuf.org\/wp-content\/uploads\/2026\/04\/2024_12_02_11_52_IMG_9620-1536x1152.jpg 1536w, https:\/\/symuf.org\/wp-content\/uploads\/2026\/04\/2024_12_02_11_52_IMG_9620-2048x1536.jpg 2048w\" sizes=\"auto, (max-width: 1024px) 100vw, 1024px\" \/><\/figure>\n\n\n\n<figure class=\"wp-block-image size-large\"><img loading=\"lazy\" decoding=\"async\" width=\"1024\" height=\"683\" data-id=\"44\" src=\"https:\/\/symuf.org\/wp-content\/uploads\/2026\/04\/EIRENE-16-1024x683.jpg\" alt=\"\" class=\"wp-image-44\" srcset=\"https:\/\/symuf.org\/wp-content\/uploads\/2026\/04\/EIRENE-16-1024x683.jpg 1024w, https:\/\/symuf.org\/wp-content\/uploads\/2026\/04\/EIRENE-16-300x200.jpg 300w, https:\/\/symuf.org\/wp-content\/uploads\/2026\/04\/EIRENE-16-768x512.jpg 768w, https:\/\/symuf.org\/wp-content\/uploads\/2026\/04\/EIRENE-16-1536x1024.jpg 1536w, https:\/\/symuf.org\/wp-content\/uploads\/2026\/04\/EIRENE-16-2048x1365.jpg 2048w\" sizes=\"auto, (max-width: 1024px) 100vw, 1024px\" \/><\/figure>\n\n\n\n<figure class=\"wp-block-image size-large\"><img loading=\"lazy\" decoding=\"async\" width=\"1024\" height=\"768\" data-id=\"45\" src=\"https:\/\/symuf.org\/wp-content\/uploads\/2026\/04\/FormationSuiviBkv11-7-1024x768.jpg\" alt=\"\" class=\"wp-image-45\" srcset=\"https:\/\/symuf.org\/wp-content\/uploads\/2026\/04\/FormationSuiviBkv11-7-1024x768.jpg 1024w, https:\/\/symuf.org\/wp-content\/uploads\/2026\/04\/FormationSuiviBkv11-7-300x225.jpg 300w, https:\/\/symuf.org\/wp-content\/uploads\/2026\/04\/FormationSuiviBkv11-7-768x576.jpg 768w, https:\/\/symuf.org\/wp-content\/uploads\/2026\/04\/FormationSuiviBkv11-7-1536x1152.jpg 1536w, https:\/\/symuf.org\/wp-content\/uploads\/2026\/04\/FormationSuiviBkv11-7-2048x1536.jpg 2048w\" sizes=\"auto, (max-width: 1024px) 100vw, 1024px\" \/><\/figure>\n<\/figure>\n\n\n\n<p><\/p>\n","protected":false},"excerpt":{"rendered":"<p>Une Mission&#8230; Accompagner les m\u00e9dias, journalistes et partenaires de la soci\u00e9t\u00e9 civile \u00e0 contribuer \u00e0 la restauration d\u2019une paix durable et \u00e0 la promotion des droits humains.<\/p>\n","protected":false},"author":1,"featured_media":0,"parent":0,"menu_order":0,"comment_status":"closed","ping_status":"closed","template":"","meta":{"footnotes":""},"class_list":["post-26","page","type-page","status-publish","hentry"],"_links":{"self":[{"href":"https:\/\/symuf.org\/index.php\/wp-json\/wp\/v2\/pages\/26","targetHints":{"allow":["GET"]}}],"collection":[{"href":"https:\/\/symuf.org\/index.php\/wp-json\/wp\/v2\/pages"}],"about":[{"href":"https:\/\/symuf.org\/index.php\/wp-json\/wp\/v2\/types\/page"}],"author":[{"embeddable":true,"href":"https:\/\/symuf.org\/index.php\/wp-json\/wp\/v2\/users\/1"}],"replies":[{"embeddable":true,"href":"https:\/\/symuf.org\/index.php\/wp-json\/wp\/v2\/comments?post=26"}],"version-history":[{"count":2,"href":"https:\/\/symuf.org\/index.php\/wp-json\/wp\/v2\/pages\/26\/revisions"}],"predecessor-version":[{"id":47,"href":"https:\/\/symuf.org\/index.php\/wp-json\/wp\/v2\/pages\/26\/revisions\/47"}],"wp:attachment":[{"href":"https:\/\/symuf.org\/index.php\/wp-json\/wp\/v2\/media?parent=26"}],"curies":[{"name":"wp","href":"https:\/\/api.w.org\/{rel}","templated":true}]}}